{"id":311168,"date":"2023-04-22T15:44:55","date_gmt":"2023-04-22T13:44:55","guid":{"rendered":"https:\/\/www.ples.net\/privacy-policy\/"},"modified":"2023-05-22T15:33:39","modified_gmt":"2023-05-22T13:33:39","slug":"privacy-policy","status":"publish","type":"page","link":"https:\/\/www.ples.net\/en\/privacy-policy\/","title":{"rendered":"Privacy policy"},"content":{"rendered":"<p>[et_pb_section fb_built=&#8221;1&#8243; _builder_version=&#8221;4.20.4&#8243; _module_preset=&#8221;default&#8221; global_colors_info=&#8221;{}&#8221;][et_pb_row _builder_version=&#8221;4.20.4&#8243; _module_preset=&#8221;default&#8221; global_colors_info=&#8221;{}&#8221;][et_pb_column type=&#8221;4_4&#8243; _builder_version=&#8221;4.20.4&#8243; _module_preset=&#8221;default&#8221; global_colors_info=&#8221;{}&#8221;][et_pb_text _builder_version=&#8221;4.20.4&#8243; _module_preset=&#8221;default&#8221; text_font=&#8221;|300|||||||&#8221; link_text_color=&#8221;#6644A6&#8243; header_font=&#8221;|||on|||||&#8221; header_font_size=&#8221;25px&#8221; header_line_height=&#8221;1.7em&#8221; hover_enabled=&#8221;0&#8243; header_font_size_tablet=&#8221;&#8221; header_font_size_phone=&#8221;25px&#8221; header_font_size_last_edited=&#8221;on|phone&#8221; global_colors_info=&#8221;{}&#8221; sticky_enabled=&#8221;0&#8243;]<\/p>\n<h1><strong>Privacy policy<\/strong><\/h1>\n<p><strong><\/strong><\/p>\n<p>La pr\u00e9sente politique (la \u00ab Politique \u00bb) a vocation \u00e0 vous informer sur la mani\u00e8re dont nous utilisons les donn\u00e9es \u00e0 caract\u00e8re personnel vous concernant, lorsqu\u2019elles sont collect\u00e9es par le biais de notre site internet www.ples.net (ci-apr\u00e8s le \u00ab Site \u00bb).<\/p>\n<p>Nous vous invitons \u00e0 lire attentivement cette Politique.<\/p>\n<p>&nbsp;<\/p>\n<p><strong>1. RESPONSABLE DU TRAITEMENT ET D\u00c9L\u00c9GU\u00c9 A LA PROTECTION DES DONN\u00c9ES<\/strong><\/p>\n<p>La soci\u00e9t\u00e9 PLES Convergence, Immatricul\u00e9e au Registre du Commerce et des Soci\u00e9t\u00e9s de <strong> Paris B 478 523 699 <\/strong>sous le num\u00e9ro<strong> 47852369900013 <\/strong> <\/p>\n<p>Et dont le si\u00e8ge social est situ\u00e9 au 60 rue de Ponthieu 75008 Paris (\u00ab PLES Convergence \u00bb, ou \u00ab Nous \u00bb \/ \u00ab nous \u00bb) est responsable du traitement des donn\u00e9es \u00e0 caract\u00e8re personnel vous concernant, collect\u00e9es par le biais du Site.<\/p>\n<p>PLES Convergence dispose d\u2019un d\u00e9l\u00e9gu\u00e9 \u00e0 la protection des donn\u00e9es, qui peut \u00eatre contact\u00e9 \u00e0 l\u2019adresse suivante : Ples Convergence DPO \u2013 60 rue de Ponthieu, 75008 Paris.<\/p>\n<p><strong>2. DONN\u00c9ES PERSONNELLES QUE NOUS COLLECTONS<\/strong><\/p>\n<p>Lors de votre utilisation du Site, PLES Convergence peut \u00eatre amen\u00e9 \u00e0 collecter les donn\u00e9es personnelles que vous nous communiquez dans le cadre de l\u2019envoi d\u2019une demande de renseignements via notre formulaire de Contact, que vous soyez un particulier ou une entreprise int\u00e9ress\u00e9(e) par notre offre de service, ou un candidat pour un poste chez PLES Convergence.<\/p>\n<p>Ces donn\u00e9es comprennent, selon le cas :<\/p>\n<p>\u2022 Vos pr\u00e9nom et nom ;<\/p>\n<p>\u2022 Le nom de votre organisation ou entreprise ;<\/p>\n<p>\u2022 L\u2019objet de votre demande ;<\/p>\n<p>\u2022 Votre adresse email.<\/p>\n<p>Vous \u00eates \u00e9galement susceptibles d\u2019inclure des donn\u00e9es \u00e0 caract\u00e8re personnel au sein des messages que vous r\u00e9digez pour pr\u00e9ciser votre demande ou votre candidature. En tout \u00e9tat de cause, vous ne devez pas inclure de donn\u00e9es \u00e0 caract\u00e8re personnel de tiers au sein de ces messages, \u00e0 moins de disposer de leur accord \u00e9crit.<\/p>\n<p>Les informations qui nous sont indispensables pour r\u00e9pondre \u00e0 vos demandes sont identifi\u00e9es par un ast\u00e9risque. Si vous ne renseignez pas les champs correspondants, nous ne serons pas en mesure de r\u00e9pondre \u00e0 vos demandes.<\/p>\n<div class=\"\">\n<div><span class=\"enlighter-k1\">Ce<\/span><span class=\"enlighter-text\">site est prot\u00e9g\u00e9 par reCAPTCHA, les <a href=\"https:\/\/policies.google.com\/privacy\">r\u00e8gles de confidentialit\u00e9<\/a> ainsi que les <a href=\"https:\/\/policies.google.com\/terms\">conditions d&#8217;utilisation<\/a> de Google s&#8217;appliquent.<\/span> <\/div>\n<\/div>\n<div class=\"\"><\/div>\n<div class=\"\">\n<div><span class=\"enlighter-g1\"><\/span><span class=\"enlighter-text\"> <\/span><\/div>\n<\/div>\n<p><strong>3. FINALIT\u00c9S ET BASE L\u00c9GALE DU TRAITEMENT DE VOS DONN\u00c9ES PERSONNELLES<\/strong><\/p>\n<p>Sur la base de votre consentement pr\u00e9alable, les donn\u00e9es personnelles vous concernant sont collect\u00e9es et trait\u00e9es par PLES Convergence par le biais du Site pour les finalit\u00e9s suivantes :<\/p>\n<p>\u2022 Le traitement de vos demandes d\u2019informations relatives \u00e0 nos services et \u00e0 notre activit\u00e9 ;<\/p>\n<p>\u2022 Le traitement de vos demandes commerciales lorsque votre entreprise souhaite recourir aux services de PLES Convergence ;<\/p>\n<p>\u2022 La gestion de vos candidatures dans le cadre de nos offres d\u2019emploi qui ont retenu votre attention, ou de vos candidatures spontan\u00e9es.<\/p>\n<p><strong>4. DUR\u00c9E DE CONSERVATION DE VOS DONN\u00c9ES PERSONNELLES<\/strong><\/p>\n<p>Les donn\u00e9es sont conserv\u00e9es pendant une dur\u00e9e qui n\u2019exc\u00e8de pas la dur\u00e9e n\u00e9cessaire aux finalit\u00e9s pour lesquelles elles ont \u00e9t\u00e9 collect\u00e9es, en particulier :<\/p>\n<p>\u2022 Les donn\u00e9es collect\u00e9es pour la gestion de vos candidatures \u00e0 nos offres d\u2019emploi ou de vos candidatures spontan\u00e9es, seront conserv\u00e9es au maximum 2 ann\u00e9es \u00e0 compter du dernier contact de votre part (par exemple, lorsque vous mettez \u00e0 jour vos informations sur le site). Cependant, si vous \u00eates recrut\u00e9 \u00e0 l\u2019issue de votre candidature, vos donn\u00e9es pourront \u00eatre conserv\u00e9es pendant le temps de votre emploi chez PLES Convergence.<\/p>\n<p>Ces dur\u00e9es de conservation s\u2019entendent sans pr\u00e9judice de l\u2019exercice de vos droits d\u00e9taill\u00e9s \u00e0 la section 8 de cette Politique.<\/p>\n<p><strong>5. DESTINATAIRES DE VOS DONN\u00c9ES PERSONNELLES<\/strong><\/p>\n<p>En dehors de PLES Convergence, vos donn\u00e9es sont susceptibles d\u2019\u00eatre divulgu\u00e9es et\/ou trait\u00e9es par les cat\u00e9gories de destinataires suivantes :<\/p>\n<p>\u2022 Les soci\u00e9t\u00e9s du Groupe PLES Convergence susceptibles d\u2019\u00eatre concern\u00e9es par les demandes que vous transmettez via le Site. Ainsi, lorsque vous candidatez \u00e0 une offre d\u2019emploi via la page, il est l\u00e9gitime que vos donn\u00e9es personnelles soient trait\u00e9es par PLES Convergence et\/ou la filiale du Groupe concern\u00e9e par l\u2019offre d\u2019emploi \u00e0 laquelle vous avez postul\u00e9, afin d\u2019\u00e9valuer votre candidature et de communiquer le cas \u00e9ch\u00e9ant avec vous.<\/p>\n<p>PLES Convergence a mis en place des mesures de s\u00e9curit\u00e9 et de confidentialit\u00e9 au niveau du Groupe pour assurer la protection de vos donn\u00e9es, quelle que soit la localisation g\u00e9ographique de la filiale du Groupe destinataire des donn\u00e9es, que celle-ci soit situ\u00e9e au sein de l\u2019Union Europ\u00e9enne ou dans un autre pays du monde (voir la section 5 ci-dessous).<\/p>\n<p>PLES Convergence peut \u00eatre amen\u00e9 \u00e0 partager vos donn\u00e9es avec les prestataires de services suivants, qui sont nos sous-traitants et auxquels nous faisons appel dans le cadre des finalit\u00e9s d\u00e9crites \u00e0 la section 3 :<\/p>\n<p>\u2022 H\u00e9bergeur de notre Site : OVH &#8211;<span>2 rue Kellermann \u2013 59100 Roubaix \u2013 France Site Web : www.ovh.<\/span><span>.fr<\/span><\/p>\n<p>\u2022 Pour les besoins de la gestion technique du stockage de vos donn\u00e9es personnelles, vos donn\u00e9es seront centralis\u00e9es sur les serveurs europ\u00e9ens de l\u2019h\u00e9bergeur du Site localis\u00e9s en Irlande.<\/p>\n<p>\u2022 Les cabinets de recrutement externes auxquels nous sommes susceptibles de faire appel pour assurer la gestion des candidatures \u00e0 nos offres de postes ou des candidatures spontan\u00e9es.<\/p>\n<p>Toutes les mesures sont prises afin d\u2019assurer un niveau de s\u00e9curit\u00e9 \u00e9lev\u00e9 des traitements effectu\u00e9s pour notre compte par ces prestataires de service. Nos prestataires traitent vos donn\u00e9es exclusivement selon nos instructions et ne peuvent en aucun cas en faire une autre utilisation ou les divulguer \u00e0 tout autre tiers. Les prestataires de services ne sont notamment pas autoris\u00e9s \u00e0 utiliser vos donn\u00e9es \u00e0 des fins de prospection commerciale pour leur propre compte ou pour le compte de tiers.<\/p>\n<p>PLES Convergence pourra \u00e9galement partager tout ou partie de vos donn\u00e9es avec un tiers, lorsque :<\/p>\n<p>\u2022 Vous nous avez donn\u00e9 votre accord pr\u00e9alable ;<\/p>\n<p>\u2022 Si nous y sommes tenus en vertu de la loi, d\u2019une demande imp\u00e9rative provenant d\u2019une autorit\u00e9 publique ou dans le cadre d\u2019une proc\u00e9dure judiciaire ;<\/p>\n<p>\u2022 Si nous c\u00e9dons ou transf\u00e9rons tout ou partie de notre entreprise ou de nos actifs par exemple dans le cadre d\u2019une fusion ou d\u2019une vente. Les op\u00e9rations de cette nature peuvent l\u00e9gitimement impliquer la r\u00e9alisation d\u2019audits pr\u00e9alables par des professionnels et moyennant la mise en place de garanties et de mesures de s\u00e9curit\u00e9s appropri\u00e9es afin d\u2019assurer le respect de la confidentialit\u00e9 des donn\u00e9es auxquelles ils acc\u00e8dent. En cas de r\u00e9alisation effective d\u2019une op\u00e9ration de transmission ou de cession de nos actifs contenant vos donn\u00e9es personnelles, nous mettrons en \u0153uvre des proc\u00e9dures d\u2019information permettant de garantir l\u2019exercice des droits dont vous disposez sur vos donn\u00e9es.<\/p>\n<p><strong>6. TRANSFERT DE DONN\u00c9ES HORS UE<\/strong><\/p>\n<p>Dans le cadre de l\u2019exploitation du Site, il n\u2019est proc\u00e9d\u00e9 \u00e0 aucun transfert de vos donn\u00e9es personnelles en dehors de l\u2019Union Europ\u00e9enne conform\u00e9ment \u00e0 la loi Informatique et Libert\u00e9s.<\/p>\n<p>Les donn\u00e9es personnelles vous concernant sont exclusivement h\u00e9berg\u00e9es dans l\u2019Union Europ\u00e9enne et nous ne proc\u00e9dons \u00e0 aucun transfert de donn\u00e9es personnelles vous concernant en dehors de l\u2019Union Europ\u00e9enne.<\/p>\n<p>Cependant, dans le cadre des candidatures re\u00e7ues via le Site, les donn\u00e9es vous concernant seront trait\u00e9es et les candidatures transf\u00e9r\u00e9es \u00e0 la succursale concern\u00e9e, dans l\u2019Union Europ\u00e9enne ou hors de l\u2019Union Europ\u00e9enne, dans les conditions pr\u00e9vues \u00e0 la Section 5 ci-dessus.<\/p>\n<p><strong>7. S\u00c9CURIT\u00c9 ET CONFIDENTIALIT\u00c9 DES DONN\u00c9ES<\/strong><\/p>\n<p>PLES Convergence met en place toutes les mesures n\u00e9cessaires pour pr\u00e9server la confidentialit\u00e9 et la s\u00e9curit\u00e9 des donn\u00e9es personnelles trait\u00e9es par elle-m\u00eame ou pour son compte par des tiers, et emp\u00eacher qu\u2019elles ne soient d\u00e9form\u00e9es, endommag\u00e9es, d\u00e9truites ou que des tiers non autoris\u00e9s y aient acc\u00e8s.<\/p>\n<p>Les mesures de s\u00e9curit\u00e9 technique et organisationnelle conformes \u00e0 l\u2019\u00e9tat de l\u2019art, notamment pour ce qui rel\u00e8ve des syst\u00e8mes d\u2019information, ont \u00e9t\u00e9 instaur\u00e9es.<\/p>\n<p>Cependant, PLES Convergence ne ma\u00eetrise pas tous les risques li\u00e9s au fonctionnement d\u2019Internet et attire l\u2019attention des internautes sur l\u2019existence d\u2019\u00e9ventuels risques inh\u00e9rents \u00e0 son utilisation et \u00e0 son fonctionnement.<\/p>\n<p><strong>8. VOS DROITS<\/strong><\/p>\n<p>Vous disposez des droits suivants :<\/p>\n<p>\u2022 Le droit d\u2019acc\u00e9der sans frais \u00e0 vos donn\u00e9es personnelles, d\u2019en demander la rectification, la suppression ou la portabilit\u00e9 ;<\/p>\n<p>\u2022 Le droit de retirer votre consentement pour l\u2019avenir, pour tout ou partie des traitements concern\u00e9s ;<\/p>\n<p>\u2022 Le droit de vous opposer au traitement de vos donn\u00e9es ou d\u2019en demander la limitation ;<\/p>\n<p>\u2022 Le droit d\u2019introduire une r\u00e9clamation aupr\u00e8s d\u2019une autorit\u00e9 de contr\u00f4le ;<\/p>\n<p>Vous pouvez exercer l\u2019ensemble de ces droits \u00e0 tout moment en envoyant un courrier postal \u00e0 l\u2019adresse suivante Service Concierge \u2013 Protection des Donn\u00e9es Personnelles \u2013 64-66, rue des Archives 75003 Paris \u2013 France. Dans votre courrier, et afin de traiter votre demande de la fa\u00e7on la plus satisfaisante et rapide, nous vous demandons de pr\u00e9ciser que l\u2019objet de votre demande concerne l\u2019utilisation du Site.<\/p>\n<p>Important : Nous vous informons que cette adresse est exclusivement d\u00e9di\u00e9e \u00e0 la gestion de vos donn\u00e9es personnelles. Toute demande de renseignements sur notre politique de recrutement ou toute candidature spontan\u00e9e via cette adresse ne pourra \u00eatre analys\u00e9e par nos services.<\/p>\n<p>Pour tout renseignement en mati\u00e8re de recrutement et gestion des offres d\u2019emploi, veuillez consulter la page Travailler chez PLES Convergence.<\/p>\n<p>Il vous est rappel\u00e9 qu\u2019en cas d\u2019exercice de vos droits d\u2019opposition, de suppression et\/ou de limitation, PLES Convergence sera tenu de supprimer tout ou partie de vos donn\u00e9es personnelles. En cons\u00e9quence, vous reconnaissez et acceptez que PLES Convergence pourra ne plus \u00eatre en mesure de vous fournir tout ou partie des services d\u00e9crits sur le Site, pour lesquels vous l\u2019avez sollicit\u00e9.<\/p>\n<p><strong>9. COOKIES<\/strong><\/p>\n<p>Afin de r\u00e9pondre \u00e0 vos attentes et de maintenir la confiance que vous nous portez, nous tenons \u00e0 vous informer de mani\u00e8re transparente sur notre politique en mati\u00e8re de cookies, li\u00e9 \u00e0 l\u2019utilisation du Site et quel que soit le terminal utilis\u00e9.<\/p>\n<p>Vous pouvez retrouver d\u2019avantage d\u2019informations concernant les cookies et notamment la possibilit\u00e9 de les d\u00e9sactiver en en vous rendant sur <a href=\"https:\/\/www.ples.net\/en\/politique-de-cookies-eu\/\">https:\/\/www.ples.net\/politique-de-cookies-ue\/<\/a><\/p>\n<p><strong>10. LIENS VERS DES SITES TIERS<\/strong><\/p>\n<p>Dans le cadre du contenu que nous vous proposons via le Site, un certain nombre de liens vers d\u2019autres sites peuvent \u00eatre int\u00e9gr\u00e9s sur le Site pour votre information. Il est pr\u00e9cis\u00e9 que nous ne pouvons \u00eatre tenus responsables du contenu de ces sites, ni d\u2019aucun produit ou service qu\u2019ils pourraient proposer, du traitement de vos donn\u00e9es \u00e0 caract\u00e8re personnel effectu\u00e9 par ces sites tiers ou de toute autre utilisation de vos informations faites par eux.<\/p>\n<p><strong>11. MODIFICATION DE NOTRE POLITIQUE DE DONN\u00c9ES PERSONNELLES<\/strong><\/p>\n<p>PLES Convergence peut \u00eatre amen\u00e9 \u00e0 modifier sa Politique Donn\u00e9es Personnelles, dont vous pouvez trouver la date de la derni\u00e8re mise \u00e0 jour ci-dessous.<\/p>\n<p>Nous vous invitons \u00e0 consulter r\u00e9guli\u00e8rement notre Politique de Donn\u00e9es Personnelles.<\/p>\n<p>[\/et_pb_text][\/et_pb_column][\/et_pb_row][\/et_pb_section]<\/p>\n","protected":false},"excerpt":{"rendered":"<p>Privacy policy La pr\u00e9sente politique (la \u00ab Politique \u00bb) a vocation \u00e0 vous informer sur la mani\u00e8re dont nous utilisons les donn\u00e9es \u00e0 caract\u00e8re personnel vous concernant, lorsqu\u2019elles sont collect\u00e9es par le biais de notre site internet www.ples.net (ci-apr\u00e8s le \u00ab Site \u00bb). Nous vous invitons \u00e0 lire attentivement cette Politique. &nbsp; 1. RESPONSABLE DU [&hellip;]<\/p>\n","protected":false},"author":1,"featured_media":0,"parent":0,"menu_order":0,"comment_status":"closed","ping_status":"closed","template":"","meta":{"_et_pb_use_builder":"on","_et_pb_old_content":"","_et_gb_content_width":"","inline_featured_image":false,"footnotes":""},"class_list":["post-311168","page","type-page","status-publish","hentry"],"_links":{"self":[{"href":"https:\/\/www.ples.net\/en\/wp-json\/wp\/v2\/pages\/311168","targetHints":{"allow":["GET"]}}],"collection":[{"href":"https:\/\/www.ples.net\/en\/wp-json\/wp\/v2\/pages"}],"about":[{"href":"https:\/\/www.ples.net\/en\/wp-json\/wp\/v2\/types\/page"}],"author":[{"embeddable":true,"href":"https:\/\/www.ples.net\/en\/wp-json\/wp\/v2\/users\/1"}],"replies":[{"embeddable":true,"href":"https:\/\/www.ples.net\/en\/wp-json\/wp\/v2\/comments?post=311168"}],"version-history":[{"count":5,"href":"https:\/\/www.ples.net\/en\/wp-json\/wp\/v2\/pages\/311168\/revisions"}],"predecessor-version":[{"id":311173,"href":"https:\/\/www.ples.net\/en\/wp-json\/wp\/v2\/pages\/311168\/revisions\/311173"}],"wp:attachment":[{"href":"https:\/\/www.ples.net\/en\/wp-json\/wp\/v2\/media?parent=311168"}],"curies":[{"name":"wp","href":"https:\/\/api.w.org\/{rel}","templated":true}]}}